{"id":5345,"date":"2024-03-21T17:35:54","date_gmt":"2024-03-21T10:35:54","guid":{"rendered":"https:\/\/truongthinhlabels.com\/?page_id=5345"},"modified":"2024-03-25T14:23:51","modified_gmt":"2024-03-25T07:23:51","slug":"heat-resistant-labels-for-the-steel-industry-etiket","status":"publish","type":"page","link":"https:\/\/truongthinhlabels.com\/vi\/heat-resistant-labels-for-the-steel-industry-etiket\/","title":{"rendered":"Tem chi\u0323u nhi\u00ea\u0323t nga\u0300nh the\u0301p (Etiket)"},"content":{"rendered":"<div data-elementor-type=\"wp-page\" data-elementor-id=\"5345\" class=\"elementor elementor-5345\">\n\t\t\t\t<div class=\"elementor-element elementor-element-4f927d3 e-flex e-con-boxed e-con e-parent\" data-id=\"4f927d3\" data-element_type=\"container\" data-core-v316-plus=\"true\">\n\t\t\t\t\t<div class=\"e-con-inner\">\n\t\t\t\t<div class=\"elementor-element elementor-element-715b191 elementor-widget elementor-widget-printx-s-heading\" data-id=\"715b191\" data-element_type=\"widget\" data-widget_type=\"printx-s-heading.default\">\n\t\t\t\t<div class=\"elementor-widget-container\">\n\t\t\t<div class=\"ptx-section-title headline pera-content ptx-text-anim prthalign\">\n        <h2 class=\"ptx-sec-title ptx_text\">B\u1ea1n s\u1ee3 r\u1ee7i ro g\u00ec khi l\u1ef1a ch\u1ecdn nh\u00e0 cung c\u1ea5p ?<\/h2>    <\/div>\t\t<\/div>\n\t\t\t\t<\/div>\n\t\t\t\t\t<\/div>\n\t\t\t\t<\/div>\n\t\t<div class=\"elementor-element elementor-element-9dcb8bf e-grid e-con-boxed e-con e-parent\" data-id=\"9dcb8bf\" data-element_type=\"container\" data-core-v316-plus=\"true\">\n\t\t\t\t\t<div class=\"e-con-inner\">\n\t\t\t\t<div class=\"elementor-element elementor-element-52a4f26 elementor-invisible elementor-widget elementor-widget-printx-quote-txt\" data-id=\"52a4f26\" data-element_type=\"widget\" data-settings=\"{&quot;_animation&quot;:&quot;fadeIn&quot;}\" data-widget_type=\"printx-quote-txt.default\">\n\t\t\t\t<div class=\"elementor-widget-container\">\n\t\t\t        <div class=\"ptx-about-text-area position-relative pera-content ptx-text-anim tx-animation-style1\">\n            <p>\n                Nh\u00e3n b\u1ecb bong tr\u00f3c, nh\u00e3n b\u1ecb phai m\u00e0u, m\u00e0u s\u1eafc kh\u00f4ng \u0111\u1ea1t            <\/p>\n        <\/div>\n    \t\t<\/div>\n\t\t\t\t<\/div>\n\t\t\t\t<div class=\"elementor-element elementor-element-59d5af9 elementor-invisible elementor-widget elementor-widget-printx-quote-txt\" data-id=\"59d5af9\" data-element_type=\"widget\" data-settings=\"{&quot;_animation&quot;:&quot;fadeIn&quot;}\" data-widget_type=\"printx-quote-txt.default\">\n\t\t\t\t<div class=\"elementor-widget-container\">\n\t\t\t        <div class=\"ptx-about-text-area position-relative pera-content ptx-text-anim tx-animation-style1\">\n            <p>\n                Tem nh\u00e3n kh\u00f4ng \u0111\u01b0\u1ee3c ki\u1ec3m so\u00e1t t\u1ed1t trong qu\u00e1 tr\u00ecnh in \u1ea5n, khi\u1ebfn h\u00e0ng b\u1ecb l\u1ed7i nhi\u1ec1u qua qu\u00e1 tr\u00ecnh s\u1eed d\u1ee5ng            <\/p>\n        <\/div>\n    \t\t<\/div>\n\t\t\t\t<\/div>\n\t\t\t\t<div class=\"elementor-element elementor-element-b503de0 elementor-invisible elementor-widget elementor-widget-printx-quote-txt\" data-id=\"b503de0\" data-element_type=\"widget\" data-settings=\"{&quot;_animation&quot;:&quot;fadeIn&quot;}\" data-widget_type=\"printx-quote-txt.default\">\n\t\t\t\t<div class=\"elementor-widget-container\">\n\t\t\t        <div class=\"ptx-about-text-area position-relative pera-content ptx-text-anim tx-animation-style1\">\n            <p>\n                Nh\u00e3n kh\u00f4ng b\u1eaft m\u1eaft, sang tr\u1ecdng, t\u1ea1o s\u1ef1 thu h\u00fat kh\u00e1ch h\u00e0ng \u2026            <\/p>\n        <\/div>\n    \t\t<\/div>\n\t\t\t\t<\/div>\n\t\t\t\t\t<\/div>\n\t\t\t\t<\/div>\n\t\t<div class=\"elementor-element elementor-element-00533f7 e-flex e-con-boxed e-con e-parent\" data-id=\"00533f7\" data-element_type=\"container\" data-core-v316-plus=\"true\">\n\t\t\t\t\t<div class=\"e-con-inner\">\n\t\t\t\t<div class=\"elementor-element elementor-element-bd50208 elementor-widget__width-inherit elementor-widget elementor-widget-printx-s-heading\" data-id=\"bd50208\" data-element_type=\"widget\" data-widget_type=\"printx-s-heading.default\">\n\t\t\t\t<div class=\"elementor-widget-container\">\n\t\t\t<div class=\"ptx-section-title-4 headline-2 pera-content prthalign\">\n            <div class=\"ptx-subtitle text-uppercase wow fadeInRight\"  data-wow-delay=\"200ms\" data-wow-duration=\"1000ms\">\n            <span>H\u00e3y y\u00ean t\u00e2m\u2026 Tr\u01b0\u1eddng Th\u1ecbnh Labels hi\u1ec7n \u0111\u00e3 c\u00f3 m\u1eb7t <\/span>\n        <\/div>\n        <h2 class=\"ptx-sec-title ptx_text\"><\/h2>    <\/div>\t\t<\/div>\n\t\t\t\t<\/div>\n\t\t\t\t\t<\/div>\n\t\t\t\t<\/div>\n\t\t<div class=\"elementor-element elementor-element-2ba8486 e-flex e-con-boxed e-con e-parent\" data-id=\"2ba8486\" data-element_type=\"container\" data-core-v316-plus=\"true\">\n\t\t\t\t\t<div class=\"e-con-inner\">\n\t\t\t\t<div class=\"elementor-element elementor-element-3c02296 elementor-widget-divider--view-line elementor-widget elementor-widget-divider\" data-id=\"3c02296\" data-element_type=\"widget\" data-widget_type=\"divider.default\">\n\t\t\t\t<div class=\"elementor-widget-container\">\n\t\t\t<style>\/*! elementor - v3.20.0 - 26-03-2024 *\/\n.elementor-widget-divider{--divider-border-style:none;--divider-border-width:1px;--divider-color:#0c0d0e;--divider-icon-size:20px;--divider-element-spacing:10px;--divider-pattern-height:24px;--divider-pattern-size:20px;--divider-pattern-url:none;--divider-pattern-repeat:repeat-x}.elementor-widget-divider .elementor-divider{display:flex}.elementor-widget-divider .elementor-divider__text{font-size:15px;line-height:1;max-width:95%}.elementor-widget-divider .elementor-divider__element{margin:0 var(--divider-element-spacing);flex-shrink:0}.elementor-widget-divider .elementor-icon{font-size:var(--divider-icon-size)}.elementor-widget-divider .elementor-divider-separator{display:flex;margin:0;direction:ltr}.elementor-widget-divider--view-line_icon .elementor-divider-separator,.elementor-widget-divider--view-line_text .elementor-divider-separator{align-items:center}.elementor-widget-divider--view-line_icon .elementor-divider-separator:after,.elementor-widget-divider--view-line_icon .elementor-divider-separator:before,.elementor-widget-divider--view-line_text .elementor-divider-separator:after,.elementor-widget-divider--view-line_text .elementor-divider-separator:before{display:block;content:\"\";border-block-end:0;flex-grow:1;border-block-start:var(--divider-border-width) var(--divider-border-style) var(--divider-color)}.elementor-widget-divider--element-align-left .elementor-divider .elementor-divider-separator>.elementor-divider__svg:first-of-type{flex-grow:0;flex-shrink:100}.elementor-widget-divider--element-align-left .elementor-divider-separator:before{content:none}.elementor-widget-divider--element-align-left .elementor-divider__element{margin-left:0}.elementor-widget-divider--element-align-right .elementor-divider .elementor-divider-separator>.elementor-divider__svg:last-of-type{flex-grow:0;flex-shrink:100}.elementor-widget-divider--element-align-right .elementor-divider-separator:after{content:none}.elementor-widget-divider--element-align-right .elementor-divider__element{margin-right:0}.elementor-widget-divider--element-align-start .elementor-divider .elementor-divider-separator>.elementor-divider__svg:first-of-type{flex-grow:0;flex-shrink:100}.elementor-widget-divider--element-align-start .elementor-divider-separator:before{content:none}.elementor-widget-divider--element-align-start .elementor-divider__element{margin-inline-start:0}.elementor-widget-divider--element-align-end .elementor-divider .elementor-divider-separator>.elementor-divider__svg:last-of-type{flex-grow:0;flex-shrink:100}.elementor-widget-divider--element-align-end .elementor-divider-separator:after{content:none}.elementor-widget-divider--element-align-end .elementor-divider__element{margin-inline-end:0}.elementor-widget-divider:not(.elementor-widget-divider--view-line_text):not(.elementor-widget-divider--view-line_icon) .elementor-divider-separator{border-block-start:var(--divider-border-width) var(--divider-border-style) var(--divider-color)}.elementor-widget-divider--separator-type-pattern{--divider-border-style:none}.elementor-widget-divider--separator-type-pattern.elementor-widget-divider--view-line .elementor-divider-separator,.elementor-widget-divider--separator-type-pattern:not(.elementor-widget-divider--view-line) .elementor-divider-separator:after,.elementor-widget-divider--separator-type-pattern:not(.elementor-widget-divider--view-line) .elementor-divider-separator:before,.elementor-widget-divider--separator-type-pattern:not([class*=elementor-widget-divider--view]) .elementor-divider-separator{width:100%;min-height:var(--divider-pattern-height);-webkit-mask-size:var(--divider-pattern-size) 100%;mask-size:var(--divider-pattern-size) 100%;-webkit-mask-repeat:var(--divider-pattern-repeat);mask-repeat:var(--divider-pattern-repeat);background-color:var(--divider-color);-webkit-mask-image:var(--divider-pattern-url);mask-image:var(--divider-pattern-url)}.elementor-widget-divider--no-spacing{--divider-pattern-size:auto}.elementor-widget-divider--bg-round{--divider-pattern-repeat:round}.rtl .elementor-widget-divider .elementor-divider__text{direction:rtl}.e-con-inner>.elementor-widget-divider,.e-con>.elementor-widget-divider{width:var(--container-widget-width,100%);--flex-grow:var(--container-widget-flex-grow)}<\/style>\t\t<div class=\"elementor-divider\">\n\t\t\t<span class=\"elementor-divider-separator\">\n\t\t\t\t\t\t<\/span>\n\t\t<\/div>\n\t\t\t\t<\/div>\n\t\t\t\t<\/div>\n\t\t\t\t\t<\/div>\n\t\t\t\t<\/div>\n\t\t<div class=\"elementor-element elementor-element-de8105c e-con-full e-flex e-con e-parent\" data-id=\"de8105c\" data-element_type=\"container\" data-core-v316-plus=\"true\">\n\t\t<div class=\"elementor-element elementor-element-92cf17b e-con-full e-flex e-con e-child\" data-id=\"92cf17b\" data-element_type=\"container\">\n\t\t\t\t<div class=\"elementor-element elementor-element-15b92cb elementor-widget elementor-widget-printx-s-heading\" data-id=\"15b92cb\" data-element_type=\"widget\" data-widget_type=\"printx-s-heading.default\">\n\t\t\t\t<div class=\"elementor-widget-container\">\n\t\t\t<div class=\"ptx-section-title headline pera-content ptx-text-anim prthalign\">\n        <div class=\"ptx-subtitle text-uppercase wow fadeInRight\"  data-wow-delay=\"200ms\" data-wow-duration=\"1000ms\">\n        <span>In \u1ea4n Tem Nh\u00e3n<\/span>\n    <\/div>\n        <h2 class=\"ptx-sec-title ptx_text\">D\u1ecbch v\u1ee5 d\u00e1n nh\u00e3n ch\u1ecbu nhi\u1ec7t cho th\u00e9p cu\u1ed9n<\/h2>    <\/div>\t\t<\/div>\n\t\t\t\t<\/div>\n\t\t<div class=\"elementor-element elementor-element-dfc19bc e-flex e-con-boxed e-con e-child\" data-id=\"dfc19bc\" data-element_type=\"container\">\n\t\t\t\t\t<div class=\"e-con-inner\">\n\t\t\t\t<div class=\"elementor-element elementor-element-de13333 elementor-widget elementor-widget-printx-list-f\" data-id=\"de13333\" data-element_type=\"widget\" data-widget_type=\"printx-list-f.default\">\n\t\t\t\t<div class=\"elementor-widget-container\">\n\t\t\t<div class=\"ptx-about-list-item ul-li-block wow fadeInUp\"  data-wow-delay=\"300ms\" data-wow-duration=\"1000ms\">\n    <ul>\n                <li> Ng\u00e0y nay, vi\u1ec7c \u1ee9ng d\u1ee5ng m\u00e3 s\u1ed1 m\u00e3 v\u1ea1ch (Barcode) cho s\u1ea3n ph\u1ea9m kinh doanh gi\u00fap cho c\u00f4ng vi\u1ec7c ki\u1ec3m kho c\u1ee7a doanh nghi\u1ec7p \u0111\u01b0\u1ee3c th\u1ef1c hi\u1ec7n d\u1ec5 d\u00e0ng, ki\u1ec3m so\u00e1t ch\u1eb7t ch\u1ebd, nhanh ch\u1ed1ng v\u00e0 khoa h\u1ecdc.\n<br><br>\nKhi b\u00f3 th\u00e9p ho\u1eb7c cu\u1ed9n th\u00e9p ra l\u00f2 th\u01b0\u1eddng c\u00f3 nhi\u1ec7t n\u0103ng r\u1ea5t l\u1edbn. Th\u00f4ng th\u01b0\u1eddng l\u00e0 kho\u1ea3ng 600 \u0111\u1ed9 C ho\u1eb7c c\u00f3 th\u1ec3 cao h\u01a1n. \u0110\u1ec3 qu\u1ea3n l\u00fd c\u00e2y th\u00e9p m\u1ed9t s\u1ed1 nh\u00e0 m\u00e1y v\u1eabn s\u1eed d\u1ee5ng \u0111\u00e1nh s\u1ed1 tr\u1ef1c ti\u1ebfp tr\u00ean t\u1eebng th\u1ecfi.\n<br><br>\nV\u1edbi c\u00f4ng ngh\u1ec7 m\u1edbi Tem chi\u0323u nhi\u00ea\u0323t nga\u0300nh the\u0301p (Etiket) c\u00f3 th\u1ec3 d\u00e1n tr\u1ef1c ti\u1ebfp v\u00e0o s\u1ea3n ph\u1ea9m m\u1edbi ra l\u00f2. V\u00ec tem c\u00f3 th\u1ec3 ch\u1ecbu nhi\u1ec7t \u0111\u1ed9 cao(tem ch\u1ecbu \u0111\u01b0\u1ee3c nhi\u1ec7t \u0111\u1ed9 cao nh\u1ea5t l\u00ean t\u1edbi 1100\u00b0C).<\/li>\n            <\/ul>\n<\/div>\t\t<\/div>\n\t\t\t\t<\/div>\n\t\t<div class=\"elementor-element elementor-element-b465e6d e-flex e-con-boxed e-con e-child\" data-id=\"b465e6d\" data-element_type=\"container\">\n\t\t\t\t\t<div class=\"e-con-inner\">\n\t\t\t\t<div class=\"elementor-element elementor-element-5152fe1 elementor-widget elementor-widget-image\" data-id=\"5152fe1\" data-element_type=\"widget\" data-widget_type=\"image.default\">\n\t\t\t\t<div class=\"elementor-widget-container\">\n\t\t\t<style>\/*! elementor - v3.20.0 - 26-03-2024 *\/\n.elementor-widget-image{text-align:center}.elementor-widget-image a{display:inline-block}.elementor-widget-image a img[src$=\".svg\"]{width:48px}.elementor-widget-image img{vertical-align:middle;display:inline-block}<\/style>\t\t\t\t\t\t\t\t\t\t<img fetchpriority=\"high\" decoding=\"async\" width=\"400\" height=\"400\" src=\"https:\/\/truongthinhlabels.com\/wp-content\/uploads\/in-tem-nhan-nganh-thep-093-197-1234-1.jpg\" class=\"attachment-large size-large wp-image-5160\" alt=\"\" srcset=\"https:\/\/truongthinhlabels.com\/wp-content\/uploads\/in-tem-nhan-nganh-thep-093-197-1234-1.jpg 400w, https:\/\/truongthinhlabels.com\/wp-content\/uploads\/in-tem-nhan-nganh-thep-093-197-1234-1-300x300.jpg 300w, https:\/\/truongthinhlabels.com\/wp-content\/uploads\/in-tem-nhan-nganh-thep-093-197-1234-1-100x100.jpg 100w, https:\/\/truongthinhlabels.com\/wp-content\/uploads\/in-tem-nhan-nganh-thep-093-197-1234-1-150x150.jpg 150w, https:\/\/truongthinhlabels.com\/wp-content\/uploads\/in-tem-nhan-nganh-thep-093-197-1234-1-96x96.jpg 96w\" sizes=\"(max-width: 400px) 100vw, 400px\" \/>\t\t\t\t\t\t\t\t\t\t\t\t\t<\/div>\n\t\t\t\t<\/div>\n\t\t\t\t\t<\/div>\n\t\t\t\t<\/div>\n\t\t\t\t<div class=\"elementor-element elementor-element-99fbd3b elementor-widget elementor-widget-printx-list-f\" data-id=\"99fbd3b\" data-element_type=\"widget\" data-widget_type=\"printx-list-f.default\">\n\t\t\t\t<div class=\"elementor-widget-container\">\n\t\t\t<div class=\"ptx-about-list-item ul-li-block wow fadeInUp\"  data-wow-delay=\"300ms\" data-wow-duration=\"1000ms\">\n    <ul>\n                <li> C\u00f9ng v\u1edbi s\u1ef1 ph\u00e1t tri\u1ec3n v\u01b0\u1ee3t b\u1eadc c\u1ee7a ng\u00e0nh luy\u1ec7n c\u00e1n th\u00e9p th\u00ec nhu c\u1ea7u t\u1ef1 \u0111\u1ed9ng h\u00f3a qu\u1ea3n l\u00fd ch\u1ea5t l\u01b0\u1ee3ng v\u00e0 s\u1ed1 l\u01b0\u1ee3ng kho h\u00e0ng trong ng\u00e0nh c\u00e1n th\u00e9p c\u0169ng \u0111\u00f2i h\u1ecfi ng\u00e0y c\u00e0ng ho\u00e0n thi\u1ec7n h\u01a1n.\n<br><br>\nM\u1ed7i l\u1ea7n ch\u00fang ta nh\u1eadp d\u1eef li\u1ec7u tr\u00ean m\u00e1y in \u0111\u1ec3 in \u1ea5n Tem chi\u0323u nhi\u00ea\u0323t nga\u0300nh the\u0301p (Etiket) th\u00ec \u0111\u1ed3ng th\u1eddi d\u1eef li\u1ec7u c\u0169ng t\u1ef1 \u0111\u1ed9ng l\u01b0u tr\u00ean h\u1ec7 th\u1ed1ng ph\u1ea7n m\u1ec1m qu\u1ea3n l\u00fd kho h\u00e0ng c\u1ee7a nh\u00e0 s\u1ea3n xu\u1ea5t. Gi\u00fap ph\u1ee5c v\u1ee5 c\u00f4ng vi\u1ec7c qu\u1ea3n l\u00fd kho h\u00e0ng \u0111\u01b0\u1ee3c d\u1ec5 d\u00e0ng h\u01a1n.\n<br><br>\nC\u00f4ng ty Tr\u01b0\u1eddng Th\u1ecbnh l\u00e0 \u0111\u01a1n v\u1ecb ti\u00ean phong trong l\u0129nh v\u1ef1c cung c\u1ea5p c\u00e1c lo\u1ea1i Tem chi\u0323u nhi\u00ea\u0323t nga\u0300nh the\u0301p (Etiket) ch\u1ecbu nhi\u1ec7t cho th\u1ecb tr\u01b0\u1eddng ng\u00e0nh th\u00e9p t\u1ea1i Vi\u1ec7t Nam. V\u1edbi \u0111\u1ed9i ng\u0169 nh\u00e2n vi\u00ean chuy\u00ean nghi\u1ec7p v\u00e0 c\u00e1c m\u00e1y m\u00f3c hi\u1ec7n \u0111\u1ea1i ch\u00fang t\u00f4i cung c\u1ea5p d\u1ecbch v\u1ee5 in tr\u00ean nhi\u1ec1u lo\u1ea1i ch\u1ea5t li\u1ec7u v\u00e0 s\u1ea3n ph\u1ea9m: t\u1eeb in tem nh\u00e3n \u00e1o qu\u1ea7n, r\u01b0\u1ee3u \u0111\u1ebfn c\u00e1c lo\u1ea1i tem nh\u00e3n cho ng\u00e0nh th\u00e9p, tem ch\u1ecbu nhi\u1ec7t y t\u1ebf hay m\u1ea1ch \u0111i\u1ec7n t\u1eed v\u1edbi s\u1ed1 l\u01b0\u1ee3ng l\u1edbn, nhanh ch\u00f3ng v\u00e0 chuy\u00ean nghi\u1ec7p.<\/li>\n            <\/ul>\n<\/div>\t\t<\/div>\n\t\t\t\t<\/div>\n\t\t\t\t\t<\/div>\n\t\t\t\t<\/div>\n\t\t\t\t<\/div>\n\t\t\t\t<\/div>\n\t\t<div class=\"elementor-element elementor-element-45b87e0 e-flex e-con-boxed e-con e-parent\" data-id=\"45b87e0\" data-element_type=\"container\" data-core-v316-plus=\"true\">\n\t\t\t\t\t<div class=\"e-con-inner\">\n\t\t\t\t<div class=\"elementor-element elementor-element-37fc77f elementor-widget elementor-widget-spacer\" data-id=\"37fc77f\" data-element_type=\"widget\" data-widget_type=\"spacer.default\">\n\t\t\t\t<div class=\"elementor-widget-container\">\n\t\t\t<style>\/*! elementor - v3.20.0 - 26-03-2024 *\/\n.elementor-column .elementor-spacer-inner{height:var(--spacer-size)}.e-con{--container-widget-width:100%}.e-con-inner>.elementor-widget-spacer,.e-con>.elementor-widget-spacer{width:var(--container-widget-width,var(--spacer-size));--align-self:var(--container-widget-align-self,initial);--flex-shrink:0}.e-con-inner>.elementor-widget-spacer>.elementor-widget-container,.e-con>.elementor-widget-spacer>.elementor-widget-container{height:100%;width:100%}.e-con-inner>.elementor-widget-spacer>.elementor-widget-container>.elementor-spacer,.e-con>.elementor-widget-spacer>.elementor-widget-container>.elementor-spacer{height:100%}.e-con-inner>.elementor-widget-spacer>.elementor-widget-container>.elementor-spacer>.elementor-spacer-inner,.e-con>.elementor-widget-spacer>.elementor-widget-container>.elementor-spacer>.elementor-spacer-inner{height:var(--container-widget-height,var(--spacer-size))}.e-con-inner>.elementor-widget-spacer.elementor-widget-empty,.e-con>.elementor-widget-spacer.elementor-widget-empty{position:relative;min-height:22px;min-width:22px}.e-con-inner>.elementor-widget-spacer.elementor-widget-empty .elementor-widget-empty-icon,.e-con>.elementor-widget-spacer.elementor-widget-empty .elementor-widget-empty-icon{position:absolute;top:0;bottom:0;left:0;right:0;margin:auto;padding:0;width:22px;height:22px}<\/style>\t\t<div class=\"elementor-spacer\">\n\t\t\t<div class=\"elementor-spacer-inner\"><\/div>\n\t\t<\/div>\n\t\t\t\t<\/div>\n\t\t\t\t<\/div>\n\t\t\t\t\t<\/div>\n\t\t\t\t<\/div>\n\t\t<div class=\"elementor-element elementor-element-73ddd842 e-flex e-con-boxed e-con e-parent\" data-id=\"73ddd842\" data-element_type=\"container\" data-core-v316-plus=\"true\">\n\t\t\t\t\t<div class=\"e-con-inner\">\n\t\t\t\t<div class=\"elementor-element elementor-element-73874252 elementor-widget elementor-widget-printx-s-heading\" data-id=\"73874252\" data-element_type=\"widget\" data-widget_type=\"printx-s-heading.default\">\n\t\t\t\t<div class=\"elementor-widget-container\">\n\t\t\t<div class=\"ptx-section-title headline pera-content ptx-text-anim prthalign\">\n        <div class=\"ptx-subtitle text-uppercase wow fadeInRight\"  data-wow-delay=\"200ms\" data-wow-duration=\"1000ms\">\n        <span> <\/span>\n    <\/div>\n        <h2 class=\"ptx-sec-title ptx_text\">L\u00dd DO N\u00caN CH\u1eccN TR\u01af\u1edcNG TH\u1ecaNH LABELS<\/h2>            <p>In \u1ea5n tem nh\u00e3n, d\u1ecbch v\u1ee5 in \u1ea5n tem nh\u00e3n tr\u00ean m\u1ecdi ch\u1ea5t li\u1ec7u, d\u1ecbch v\u1ee5 c\u1ea1nh tranh<\/p>\n    <\/div>\t\t<\/div>\n\t\t\t\t<\/div>\n\t\t\t\t\t<\/div>\n\t\t\t\t<\/div>\n\t\t<div class=\"elementor-element elementor-element-c7d074c e-flex e-con-boxed e-con e-parent\" data-id=\"c7d074c\" data-element_type=\"container\" data-core-v316-plus=\"true\">\n\t\t\t\t\t<div class=\"e-con-inner\">\n\t\t<div class=\"elementor-element elementor-element-9b7cea5 e-grid e-con-boxed e-con e-child\" data-id=\"9b7cea5\" data-element_type=\"container\">\n\t\t\t\t\t<div class=\"e-con-inner\">\n\t\t\t\t<div class=\"elementor-element elementor-element-6d43b042 elementor-widget elementor-widget-image\" data-id=\"6d43b042\" data-element_type=\"widget\" data-widget_type=\"image.default\">\n\t\t\t\t<div class=\"elementor-widget-container\">\n\t\t\t\t\t\t\t\t\t\t\t\t\t<img decoding=\"async\" width=\"640\" height=\"684\" src=\"https:\/\/truongthinhlabels.com\/wp-content\/uploads\/WHY-CHOOSE-VIETLABEL_sua-mui-ten_EN_2-958x1024-1.png\" class=\"attachment-large size-large wp-image-4968\" alt=\"\" srcset=\"https:\/\/truongthinhlabels.com\/wp-content\/uploads\/WHY-CHOOSE-VIETLABEL_sua-mui-ten_EN_2-958x1024-1.png 958w, https:\/\/truongthinhlabels.com\/wp-content\/uploads\/WHY-CHOOSE-VIETLABEL_sua-mui-ten_EN_2-958x1024-1-600x641.png 600w, https:\/\/truongthinhlabels.com\/wp-content\/uploads\/WHY-CHOOSE-VIETLABEL_sua-mui-ten_EN_2-958x1024-1-281x300.png 281w, https:\/\/truongthinhlabels.com\/wp-content\/uploads\/WHY-CHOOSE-VIETLABEL_sua-mui-ten_EN_2-958x1024-1-140x150.png 140w, https:\/\/truongthinhlabels.com\/wp-content\/uploads\/WHY-CHOOSE-VIETLABEL_sua-mui-ten_EN_2-958x1024-1-768x821.png 768w\" sizes=\"(max-width: 640px) 100vw, 640px\" \/>\t\t\t\t\t\t\t\t\t\t\t\t\t<\/div>\n\t\t\t\t<\/div>\n\t\t\t\t<div class=\"elementor-element elementor-element-1d643b80 elementor-widget elementor-widget-image\" data-id=\"1d643b80\" data-element_type=\"widget\" data-widget_type=\"image.default\">\n\t\t\t\t<div class=\"elementor-widget-container\">\n\t\t\t\t\t\t\t\t\t\t\t\t\t<img decoding=\"async\" width=\"640\" height=\"684\" src=\"https:\/\/truongthinhlabels.com\/wp-content\/uploads\/WHY-CHOOSE-VIETLABEL_sua-mui-ten_EN_3-958x1024-1.png\" class=\"attachment-large size-large wp-image-4970\" alt=\"\" srcset=\"https:\/\/truongthinhlabels.com\/wp-content\/uploads\/WHY-CHOOSE-VIETLABEL_sua-mui-ten_EN_3-958x1024-1.png 958w, https:\/\/truongthinhlabels.com\/wp-content\/uploads\/WHY-CHOOSE-VIETLABEL_sua-mui-ten_EN_3-958x1024-1-600x641.png 600w, https:\/\/truongthinhlabels.com\/wp-content\/uploads\/WHY-CHOOSE-VIETLABEL_sua-mui-ten_EN_3-958x1024-1-281x300.png 281w, https:\/\/truongthinhlabels.com\/wp-content\/uploads\/WHY-CHOOSE-VIETLABEL_sua-mui-ten_EN_3-958x1024-1-140x150.png 140w, https:\/\/truongthinhlabels.com\/wp-content\/uploads\/WHY-CHOOSE-VIETLABEL_sua-mui-ten_EN_3-958x1024-1-768x821.png 768w\" sizes=\"(max-width: 640px) 100vw, 640px\" \/>\t\t\t\t\t\t\t\t\t\t\t\t\t<\/div>\n\t\t\t\t<\/div>\n\t\t\t\t<div class=\"elementor-element elementor-element-7260a4aa elementor-widget elementor-widget-image\" data-id=\"7260a4aa\" data-element_type=\"widget\" data-widget_type=\"image.default\">\n\t\t\t\t<div class=\"elementor-widget-container\">\n\t\t\t\t\t\t\t\t\t\t\t\t\t<img loading=\"lazy\" decoding=\"async\" width=\"640\" height=\"684\" src=\"https:\/\/truongthinhlabels.com\/wp-content\/uploads\/WHY-CHOOSE-VIETLABEL_sua-mui-ten_EN_4-958x1024-1.png\" class=\"attachment-large size-large wp-image-4972\" alt=\"\" srcset=\"https:\/\/truongthinhlabels.com\/wp-content\/uploads\/WHY-CHOOSE-VIETLABEL_sua-mui-ten_EN_4-958x1024-1.png 958w, https:\/\/truongthinhlabels.com\/wp-content\/uploads\/WHY-CHOOSE-VIETLABEL_sua-mui-ten_EN_4-958x1024-1-600x641.png 600w, https:\/\/truongthinhlabels.com\/wp-content\/uploads\/WHY-CHOOSE-VIETLABEL_sua-mui-ten_EN_4-958x1024-1-281x300.png 281w, https:\/\/truongthinhlabels.com\/wp-content\/uploads\/WHY-CHOOSE-VIETLABEL_sua-mui-ten_EN_4-958x1024-1-140x150.png 140w, https:\/\/truongthinhlabels.com\/wp-content\/uploads\/WHY-CHOOSE-VIETLABEL_sua-mui-ten_EN_4-958x1024-1-768x821.png 768w\" sizes=\"(max-width: 640px) 100vw, 640px\" \/>\t\t\t\t\t\t\t\t\t\t\t\t\t<\/div>\n\t\t\t\t<\/div>\n\t\t\t\t<div class=\"elementor-element elementor-element-bbf9e61 elementor-widget elementor-widget-image\" data-id=\"bbf9e61\" data-element_type=\"widget\" data-widget_type=\"image.default\">\n\t\t\t\t<div class=\"elementor-widget-container\">\n\t\t\t\t\t\t\t\t\t\t\t\t\t<img loading=\"lazy\" decoding=\"async\" width=\"640\" height=\"684\" src=\"https:\/\/truongthinhlabels.com\/wp-content\/uploads\/WHY-CHOOSE-VIETLABEL_sua-mui-ten_EN_5-958x1024-1.png\" class=\"attachment-large size-large wp-image-4974\" alt=\"\" srcset=\"https:\/\/truongthinhlabels.com\/wp-content\/uploads\/WHY-CHOOSE-VIETLABEL_sua-mui-ten_EN_5-958x1024-1.png 958w, https:\/\/truongthinhlabels.com\/wp-content\/uploads\/WHY-CHOOSE-VIETLABEL_sua-mui-ten_EN_5-958x1024-1-600x641.png 600w, https:\/\/truongthinhlabels.com\/wp-content\/uploads\/WHY-CHOOSE-VIETLABEL_sua-mui-ten_EN_5-958x1024-1-281x300.png 281w, https:\/\/truongthinhlabels.com\/wp-content\/uploads\/WHY-CHOOSE-VIETLABEL_sua-mui-ten_EN_5-958x1024-1-140x150.png 140w, https:\/\/truongthinhlabels.com\/wp-content\/uploads\/WHY-CHOOSE-VIETLABEL_sua-mui-ten_EN_5-958x1024-1-768x821.png 768w\" sizes=\"(max-width: 640px) 100vw, 640px\" \/>\t\t\t\t\t\t\t\t\t\t\t\t\t<\/div>\n\t\t\t\t<\/div>\n\t\t\t\t\t<\/div>\n\t\t\t\t<\/div>\n\t\t\t\t\t<\/div>\n\t\t\t\t<\/div>\n\t\t<div class=\"elementor-element elementor-element-3ac92347 e-con-full e-flex e-con e-parent\" data-id=\"3ac92347\" data-element_type=\"container\" data-settings=\"{&quot;background_background&quot;:&quot;classic&quot;}\" data-core-v316-plus=\"true\">\n\t\t\t\t<div class=\"elementor-element elementor-element-2c2e0f9c elementor-widget elementor-widget-printx-s-heading\" data-id=\"2c2e0f9c\" data-element_type=\"widget\" data-widget_type=\"printx-s-heading.default\">\n\t\t\t\t<div class=\"elementor-widget-container\">\n\t\t\t<div class=\"ptx-section-title headline pera-content ptx-text-anim prthalign\">\n        <div class=\"ptx-subtitle text-uppercase wow fadeInRight\"  data-wow-delay=\"200ms\" data-wow-duration=\"1000ms\">\n        <span> <\/span>\n    <\/div>\n        <h3 class=\"ptx-sec-title ptx_text\">C\u00d4NG TY TNHH S\u1ea2N XU\u1ea4T TH\u01af\u01a0NG M\u1ea0I NH\u00c3N M\u00c1C TR\u01af\u1edcNG TH\u1ecaNH<\/h3>            <p>\u0110\u1ecba ch\u1ec9: 70 L\u01b0\u01a1ng Ng\u1ecdc Quy\u1ebfn, Ph\u01b0\u1eddng 5, G\u00f2 V\u1ea5p, TP HCM <br>\nHotline: 093.197.1234 <br>\nEmail: sale@truongthinhlabels.com<\/p>\n    <\/div>\t\t<\/div>\n\t\t\t\t<\/div>\n\t\t\t\t<\/div>\n\t\t\t\t<\/div>","protected":false},"excerpt":{"rendered":"<p>What risks are you concerned about when choosing a supplier? Labels are easily peeled off, fade quickly, and not up to quality. Labels are not well controlled during the printing process. The label is not eye-catching, luxurious, and attractive. Please rest assured\u2026 TRUONG THINH LABELS is now available Printing labels Service for heat-resistant labels for [&hellip;]<\/p>","protected":false},"author":1,"featured_media":0,"parent":0,"menu_order":0,"comment_status":"closed","ping_status":"closed","template":"","meta":{"inline_featured_image":false,"footnotes":""},"class_list":["post-5345","page","type-page","status-publish","hentry"],"_links":{"self":[{"href":"https:\/\/truongthinhlabels.com\/vi\/wp-json\/wp\/v2\/pages\/5345","targetHints":{"allow":["GET"]}}],"collection":[{"href":"https:\/\/truongthinhlabels.com\/vi\/wp-json\/wp\/v2\/pages"}],"about":[{"href":"https:\/\/truongthinhlabels.com\/vi\/wp-json\/wp\/v2\/types\/page"}],"author":[{"embeddable":true,"href":"https:\/\/truongthinhlabels.com\/vi\/wp-json\/wp\/v2\/users\/1"}],"replies":[{"embeddable":true,"href":"https:\/\/truongthinhlabels.com\/vi\/wp-json\/wp\/v2\/comments?post=5345"}],"version-history":[{"count":0,"href":"https:\/\/truongthinhlabels.com\/vi\/wp-json\/wp\/v2\/pages\/5345\/revisions"}],"wp:attachment":[{"href":"https:\/\/truongthinhlabels.com\/vi\/wp-json\/wp\/v2\/media?parent=5345"}],"curies":[{"name":"wp","href":"https:\/\/api.w.org\/{rel}","templated":true}]}}