{"id":5249,"date":"2023-11-26T06:01:58","date_gmt":"2023-11-25T23:01:58","guid":{"rendered":"https:\/\/truongthinhlabels.com\/gioi-thieu\/"},"modified":"2024-03-25T18:30:02","modified_gmt":"2024-03-25T11:30:02","slug":"about","status":"publish","type":"page","link":"https:\/\/truongthinhlabels.com\/vi\/about\/","title":{"rendered":"Gi\u1edbi thi\u1ec7u"},"content":{"rendered":"<div data-elementor-type=\"wp-page\" data-elementor-id=\"5249\" class=\"elementor elementor-5249\">\n\t\t\t\t<div class=\"elementor-element elementor-element-216a1f4 e-flex e-con-boxed e-con e-parent\" data-id=\"216a1f4\" data-element_type=\"container\" data-core-v316-plus=\"true\">\n\t\t\t\t\t<div class=\"e-con-inner\">\n\t\t\t\t<div class=\"elementor-element elementor-element-2b59c7a elementor-widget elementor-widget-spacer\" data-id=\"2b59c7a\" data-element_type=\"widget\" data-widget_type=\"spacer.default\">\n\t\t\t\t<div class=\"elementor-widget-container\">\n\t\t\t<style>\/*! elementor - v3.20.0 - 26-03-2024 *\/\n.elementor-column .elementor-spacer-inner{height:var(--spacer-size)}.e-con{--container-widget-width:100%}.e-con-inner>.elementor-widget-spacer,.e-con>.elementor-widget-spacer{width:var(--container-widget-width,var(--spacer-size));--align-self:var(--container-widget-align-self,initial);--flex-shrink:0}.e-con-inner>.elementor-widget-spacer>.elementor-widget-container,.e-con>.elementor-widget-spacer>.elementor-widget-container{height:100%;width:100%}.e-con-inner>.elementor-widget-spacer>.elementor-widget-container>.elementor-spacer,.e-con>.elementor-widget-spacer>.elementor-widget-container>.elementor-spacer{height:100%}.e-con-inner>.elementor-widget-spacer>.elementor-widget-container>.elementor-spacer>.elementor-spacer-inner,.e-con>.elementor-widget-spacer>.elementor-widget-container>.elementor-spacer>.elementor-spacer-inner{height:var(--container-widget-height,var(--spacer-size))}.e-con-inner>.elementor-widget-spacer.elementor-widget-empty,.e-con>.elementor-widget-spacer.elementor-widget-empty{position:relative;min-height:22px;min-width:22px}.e-con-inner>.elementor-widget-spacer.elementor-widget-empty .elementor-widget-empty-icon,.e-con>.elementor-widget-spacer.elementor-widget-empty .elementor-widget-empty-icon{position:absolute;top:0;bottom:0;left:0;right:0;margin:auto;padding:0;width:22px;height:22px}<\/style>\t\t<div class=\"elementor-spacer\">\n\t\t\t<div class=\"elementor-spacer-inner\"><\/div>\n\t\t<\/div>\n\t\t\t\t<\/div>\n\t\t\t\t<\/div>\n\t\t\t\t<div class=\"elementor-element elementor-element-099c155 elementor-widget elementor-widget-printx-quote-txt\" data-id=\"099c155\" data-element_type=\"widget\" data-widget_type=\"printx-quote-txt.default\">\n\t\t\t\t<div class=\"elementor-widget-container\">\n\t\t\t        <div class=\"ptx-about-text-area position-relative pera-content ptx-text-anim tx-animation-style1\">\n            <p>\n                B\u1ea1n \u0111ang mu\u1ed1n t\u00ecm m\u1ed9t \u0111\u1ed1i t\u00e1c thi\u1ebft k\u1ebf in \u1ea5n chuy\u00ean nghi\u1ec7p hay nh\u00e0 cung c\u1ea5p v\u1ec1 thi\u1ebft b\u1ecb m\u00e3 v\u1ea1ch \u0111\u00e1ng tin c\u1eady \u0111\u1ec3 c\u00f3 th\u1ec3 c\u1ed9ng t\u00e1c l\u00e2u d\u00e0i v\u1edbi gi\u00e1 c\u1ea3 h\u1ee3p l\u00fd?            <\/p>\n        <\/div>\n    \t\t<\/div>\n\t\t\t\t<\/div>\n\t\t\t\t<div class=\"elementor-element elementor-element-c77a75e elementor-widget elementor-widget-spacer\" data-id=\"c77a75e\" data-element_type=\"widget\" data-widget_type=\"spacer.default\">\n\t\t\t\t<div class=\"elementor-widget-container\">\n\t\t\t\t\t<div class=\"elementor-spacer\">\n\t\t\t<div class=\"elementor-spacer-inner\"><\/div>\n\t\t<\/div>\n\t\t\t\t<\/div>\n\t\t\t\t<\/div>\n\t\t\t\t\t<\/div>\n\t\t\t\t<\/div>\n\t\t\t\t<section class=\"elementor-section elementor-top-section elementor-element elementor-element-ce68e5f elementor-section-boxed elementor-section-height-default elementor-section-height-default\" data-id=\"ce68e5f\" data-element_type=\"section\" data-settings=\"{&quot;background_background&quot;:&quot;classic&quot;}\">\n\t\t\t\t\t\t<div class=\"elementor-container elementor-column-gap-default\">\n\t\t\t\t\t<div class=\"elementor-column elementor-col-50 elementor-top-column elementor-element elementor-element-e9f88d3\" data-id=\"e9f88d3\" data-element_type=\"column\">\n\t\t\t<div class=\"elementor-widget-wrap elementor-element-populated\">\n\t\t\t\t\t\t<div class=\"elementor-element elementor-element-dbda7df elementor-widget elementor-widget-printx-about-img\" data-id=\"dbda7df\" data-element_type=\"widget\" data-widget_type=\"printx-about-img.default\">\n\t\t\t\t<div class=\"elementor-widget-container\">\n\t\t\t<div class=\"ptx-about-img-wrapper-1 position-relative\">\n        <div class=\"ptx-about-img1  ptx-image-appear1\">\n        <img decoding=\"async\" class=\"ptx-img-rvl_1\" src=\"https:\/\/truongthinhlabels.com\/wp-content\/uploads\/15ab1a438b2ec299a221154bc23c6740.jpg\" alt=\"\">\n    <\/div>\n                <div class=\"ptx-about-img2  position-absolute wow fadeInLeft\"  data-wow-delay=\"500ms\" data-wow-duration=\"1000ms\">\n            <img decoding=\"async\"  src=\"https:\/\/truongthinhlabels.com\/wp-content\/uploads\/generated-image-removebg-preview.png\" alt=\"\">\n        <\/div>\n                <div class=\"ptx-about-img3  position-absolute wow fadeInRight\"  data-wow-delay=\"700ms\" data-wow-duration=\"1000ms\">\n            <img decoding=\"async\" src=\"https:\/\/truongthinhlabels.com\/wp-content\/uploads\/23d1a50fb49281f730a63cf029711c518.jpg\" alt=\"\">\n        <\/div>\n        <\/div>\n    \t\t<\/div>\n\t\t\t\t<\/div>\n\t\t\t\t\t<\/div>\n\t\t<\/div>\n\t\t\t\t<div class=\"elementor-column elementor-col-50 elementor-top-column elementor-element elementor-element-a3aa932\" data-id=\"a3aa932\" data-element_type=\"column\">\n\t\t\t<div class=\"elementor-widget-wrap elementor-element-populated\">\n\t\t\t\t\t\t<div class=\"elementor-element elementor-element-4de50e6 elementor-widget elementor-widget-printx-s-heading\" data-id=\"4de50e6\" data-element_type=\"widget\" data-widget_type=\"printx-s-heading.default\">\n\t\t\t\t<div class=\"elementor-widget-container\">\n\t\t\t<div class=\"ptx-section-title headline pera-content ptx-text-anim prthalign\">\n        <div class=\"ptx-subtitle text-uppercase wow fadeInRight\"  data-wow-delay=\"200ms\" data-wow-duration=\"1000ms\">\n        <span>Gi\u1edbi thi\u1ec7u v\u1ec1 d\u1ecbch v\u1ee5 in \u1ea5n<\/span>\n    <\/div>\n        <h2 class=\"ptx-sec-title ptx_text\">C\u00d4NG TY TNHH S\u1ea2N XU\u1ea4T TH\u01af\u01a0NG M\u1ea0I NH\u00c3N M\u00c1C TR\u01af\u1edcNG TH\u1ecaNH<\/h2>    <\/div>\t\t<\/div>\n\t\t\t\t<\/div>\n\t\t\t\t<div class=\"elementor-element elementor-element-978db2f elementor-widget elementor-widget-printx-quote-txt\" data-id=\"978db2f\" data-element_type=\"widget\" data-widget_type=\"printx-quote-txt.default\">\n\t\t\t\t<div class=\"elementor-widget-container\">\n\t\t\t        <div class=\"ptx-about-text-area position-relative pera-content ptx-text-anim tx-animation-style1\">\n            <p>\n                C\u00f4ng ty \u0111\u01b0\u1ee3c th\u00e0nh l\u1eadp b\u1edfi nh\u1eefng chuy\u00ean gia \u0111\u1ea7y t\u00e2m huy\u1ebft. Tr\u01b0\u1eddng Th\u1ecbnh lu\u00f4n coi h\u00ecnh \u1ea3nh th\u01b0\u01a1ng hi\u1ec7u l\u00e0 gi\u00e1 tr\u1ecb c\u1ed1t l\u00f5i, ch\u00ednh v\u00ec v\u1eady ch\u00fang t\u00f4i kh\u00f4ng ng\u1eebng n\u00e2ng cao d\u1ecbch v\u1ee5 b\u00e1n h\u00e0ng v\u1ec1 ch\u1ea5t l\u01b0\u1ee3ng s\u1ea3n ph\u1ea9m. \u0110\u1ebfn v\u1edbi Tr\u01b0\u1eddng Th\u1ecbnh b\u1ea1n c\u00f3 th\u1ec3 ho\u00e0n to\u00e0n y\u00ean t\u00e2m v\u1ec1 d\u1ecbch v\u1ee5 c\u0169ng nh\u01b0 ch\u1ea5t l\u01b0\u1ee3ng s\u1ea3n ph\u1ea9m m\u00e0 hi\u1ec7n t\u1ea1i ch\u00fang t\u00f4i \u0111ang cung c\u1ea5p.            <\/p>\n        <\/div>\n    \t\t<\/div>\n\t\t\t\t<\/div>\n\t\t\t\t\t<\/div>\n\t\t<\/div>\n\t\t\t\t\t<\/div>\n\t\t<\/section>\n\t\t<div class=\"elementor-element elementor-element-b02e62e e-flex e-con-boxed e-con e-parent\" data-id=\"b02e62e\" data-element_type=\"container\" data-core-v316-plus=\"true\">\n\t\t\t\t\t<div class=\"e-con-inner\">\n\t\t\t\t<div class=\"elementor-element elementor-element-113dbe8 elementor-widget elementor-widget-printx-s-heading\" data-id=\"113dbe8\" data-element_type=\"widget\" data-widget_type=\"printx-s-heading.default\">\n\t\t\t\t<div class=\"elementor-widget-container\">\n\t\t\t<div class=\"ptx-section-title headline pera-content ptx-text-anim prthalign\">\n        <div class=\"ptx-subtitle text-uppercase wow fadeInRight\"  data-wow-delay=\"200ms\" data-wow-duration=\"1000ms\">\n        <span>D\u1ecbch v\u1ee5<\/span>\n    <\/div>\n        <h2 class=\"ptx-sec-title ptx_text\">C\u00f4ng ty Tr\u01b0\u1eddng Th\u1ecbnh ho\u1ea1t \u0111\u1ed9ng ch\u1ee7 y\u1ebfu hai m\u1ea3ng ch\u00ednh<\/h2>    <\/div>\t\t<\/div>\n\t\t\t\t<\/div>\n\t\t\t\t\t<\/div>\n\t\t\t\t<\/div>\n\t\t<div class=\"elementor-element elementor-element-5e39677 e-flex e-con-boxed e-con e-parent\" data-id=\"5e39677\" data-element_type=\"container\" data-core-v316-plus=\"true\">\n\t\t\t\t\t<div class=\"e-con-inner\">\n\t\t<div class=\"elementor-element elementor-element-c434591 e-con-full e-flex e-con e-child\" data-id=\"c434591\" data-element_type=\"container\">\n\t\t\t\t<div class=\"elementor-element elementor-element-a6f689c elementor-widget elementor-widget-heading\" data-id=\"a6f689c\" data-element_type=\"widget\" data-widget_type=\"heading.default\">\n\t\t\t\t<div class=\"elementor-widget-container\">\n\t\t\t<style>\/*! elementor - v3.20.0 - 26-03-2024 *\/\n.elementor-heading-title{padding:0;margin:0;line-height:1}.elementor-widget-heading .elementor-heading-title[class*=elementor-size-]>a{color:inherit;font-size:inherit;line-height:inherit}.elementor-widget-heading .elementor-heading-title.elementor-size-small{font-size:15px}.elementor-widget-heading .elementor-heading-title.elementor-size-medium{font-size:19px}.elementor-widget-heading .elementor-heading-title.elementor-size-large{font-size:29px}.elementor-widget-heading .elementor-heading-title.elementor-size-xl{font-size:39px}.elementor-widget-heading .elementor-heading-title.elementor-size-xxl{font-size:59px}<\/style><h2 class=\"elementor-heading-title elementor-size-default\">In \u1ea5n<\/h2>\t\t<\/div>\n\t\t\t\t<\/div>\n\t\t\t\t<div class=\"elementor-element elementor-element-02e607a elementor-widget elementor-widget-printx-list-f\" data-id=\"02e607a\" data-element_type=\"widget\" data-widget_type=\"printx-list-f.default\">\n\t\t\t\t<div class=\"elementor-widget-container\">\n\t\t\t<div class=\"ptx-about-list-item ul-li-block wow fadeInUp\"  data-wow-delay=\"300ms\" data-wow-duration=\"1000ms\">\n    <ul>\n                <li><i aria-hidden=\"true\" class=\"flaticon flaticon-check-mark\"><\/i> Cung c\u1ea5p decal b\u1ebf tr\u1eafng d\u1ea1ng cu\u1ed9n<\/li>\n                <li><i aria-hidden=\"true\" class=\"flaticon flaticon-check-mark\"><\/i> In tem nh\u00e3n decal m\u00e0u d\u1ea1ng t\u1edd<\/li>\n                <li><i aria-hidden=\"true\" class=\"flaticon flaticon-check-mark\"><\/i> In tem nh\u00e3n decal d\u1ea1ng cu\u1ed9n<\/li>\n                <li><i aria-hidden=\"true\" class=\"flaticon flaticon-check-mark\"><\/i> In tem nh\u00e3n b\u1ea3o h\u00e0nh<\/li>\n                <li><i aria-hidden=\"true\" class=\"flaticon flaticon-check-mark\"><\/i> In tem nh\u00e3n v\u1ea3i<\/li>\n                <li><i aria-hidden=\"true\" class=\"flaticon flaticon-check-mark\"><\/i> In Offset c\u00e1c lo\u1ea1i...<\/li>\n            <\/ul>\n<\/div>\t\t<\/div>\n\t\t\t\t<\/div>\n\t\t\t\t<\/div>\n\t\t<div class=\"elementor-element elementor-element-a1423b9 e-con-full e-flex e-con e-child\" data-id=\"a1423b9\" data-element_type=\"container\">\n\t\t\t\t<div class=\"elementor-element elementor-element-b3d6472 elementor-widget elementor-widget-heading\" data-id=\"b3d6472\" data-element_type=\"widget\" data-widget_type=\"heading.default\">\n\t\t\t\t<div class=\"elementor-widget-container\">\n\t\t\t<h2 class=\"elementor-heading-title elementor-size-default\">Cung c\u1ea5p thi\u1ebft b\u1ecb b\u00e1n h\u00e0ng - m\u00e3 v\u1ea1ch.<\/h2>\t\t<\/div>\n\t\t\t\t<\/div>\n\t\t\t\t<div class=\"elementor-element elementor-element-c5753fa elementor-widget elementor-widget-printx-list-f\" data-id=\"c5753fa\" data-element_type=\"widget\" data-widget_type=\"printx-list-f.default\">\n\t\t\t\t<div class=\"elementor-widget-container\">\n\t\t\t<div class=\"ptx-about-list-item ul-li-block wow fadeInUp\"  data-wow-delay=\"300ms\" data-wow-duration=\"1000ms\">\n    <ul>\n                <li><i aria-hidden=\"true\" class=\"flaticon flaticon-check-mark\"><\/i> H\u1ec7 th\u1ed1ng b\u00e1n h\u00e0ng POS<\/li>\n                <li><i aria-hidden=\"true\" class=\"flaticon flaticon-check-mark\"><\/i> M\u00e1y qu\u00e9t m\u00e3 v\u1ea1ch\/Ki\u1ec3m kho<\/li>\n                <li><i aria-hidden=\"true\" class=\"flaticon flaticon-check-mark\"><\/i> M\u00e1y in m\u00e3 v\u1ea1ch<\/li>\n                <li><i aria-hidden=\"true\" class=\"flaticon flaticon-check-mark\"><\/i> M\u00e1y in h\u00f3a \u0111\u01a1n<\/li>\n                <li><i aria-hidden=\"true\" class=\"flaticon flaticon-check-mark\"><\/i> M\u00e1y in d\u00f2ng t\u1ed1c \u0111\u1ed9 cao<\/li>\n                <li><i aria-hidden=\"true\" class=\"flaticon flaticon-check-mark\"><\/i> C\u00e2n in barcode\/C\u00e2n t\u1ea3i<\/li>\n                <li><i aria-hidden=\"true\" class=\"flaticon flaticon-check-mark\"><\/i> M\u00e1y in th\u1ebb\/In di \u0111\u1ed9ng<\/li>\n            <\/ul>\n<\/div>\t\t<\/div>\n\t\t\t\t<\/div>\n\t\t\t\t<\/div>\n\t\t\t\t\t<\/div>\n\t\t\t\t<\/div>\n\t\t<div class=\"elementor-element elementor-element-fc58c5d e-flex e-con-boxed e-con e-parent\" data-id=\"fc58c5d\" data-element_type=\"container\" data-core-v316-plus=\"true\">\n\t\t\t\t\t<div class=\"e-con-inner\">\n\t\t\t\t<div class=\"elementor-element elementor-element-f10c52d elementor-widget elementor-widget-printx-quote-txt\" data-id=\"f10c52d\" data-element_type=\"widget\" data-widget_type=\"printx-quote-txt.default\">\n\t\t\t\t<div class=\"elementor-widget-container\">\n\t\t\t        <div class=\"ptx-about-text-area position-relative pera-content ptx-text-anim tx-animation-style1\">\n            <p>\n                V\u1edbi ph\u01b0\u01a1ng ch\u00e2m ho\u1ea1t \u0111\u1ed9ng \"C\u00f9ng Kh\u00e1ch H\u00e0ng \u0110i \u0110\u1ebfn Th\u00e0nh C\u00f4ng\". Tr\u01b0\u1eddng Th\u1ecbnh lu\u00f4n mong mu\u1ed1n \u0111em \u0111\u1ebfn cho kh\u00e1ch h\u00e0ng d\u1ecbch v\u1ee5 v\u00e0 s\u1ea3n ph\u1ea9m ch\u1ea5t l\u01b0\u1ee3ng nh\u1ea5t nh\u1ea7m mang l\u1ea1i hi\u1ec7u qu\u1ea3 kinh doanh t\u1ed1t nh\u1ea5t cho c\u00e1c Doanh Nghi\u1ec7p.            <\/p>\n        <\/div>\n    \t\t<\/div>\n\t\t\t\t<\/div>\n\t\t\t\t\t<\/div>\n\t\t\t\t<\/div>\n\t\t\t\t<section class=\"elementor-section elementor-top-section elementor-element elementor-element-6f0eb59 elementor-section-full_width elementor-section-height-default elementor-section-height-default\" data-id=\"6f0eb59\" data-element_type=\"section\">\n\t\t\t\t\t\t<div class=\"elementor-container elementor-column-gap-no\">\n\t\t\t\t\t<div class=\"elementor-column elementor-col-100 elementor-top-column elementor-element elementor-element-5df78f4\" data-id=\"5df78f4\" data-element_type=\"column\">\n\t\t\t<div class=\"elementor-widget-wrap elementor-element-populated\">\n\t\t\t\t\t\t<div class=\"elementor-element elementor-element-6a48e5b elementor-widget elementor-widget-spacer\" data-id=\"6a48e5b\" data-element_type=\"widget\" data-widget_type=\"spacer.default\">\n\t\t\t\t<div class=\"elementor-widget-container\">\n\t\t\t\t\t<div class=\"elementor-spacer\">\n\t\t\t<div class=\"elementor-spacer-inner\"><\/div>\n\t\t<\/div>\n\t\t\t\t<\/div>\n\t\t\t\t<\/div>\n\t\t\t\t<div class=\"elementor-element elementor-element-18304e5 elementor-widget elementor-widget-printx-s-heading\" data-id=\"18304e5\" data-element_type=\"widget\" data-widget_type=\"printx-s-heading.default\">\n\t\t\t\t<div class=\"elementor-widget-container\">\n\t\t\t<div class=\"ptx-section-title headline pera-content ptx-text-anim prthalign\">\n        <div class=\"ptx-subtitle text-uppercase wow fadeInRight\"  data-wow-delay=\"200ms\" data-wow-duration=\"1000ms\">\n        <span>Album \u1ea3nh<\/span>\n    <\/div>\n        <h2 class=\"ptx-sec-title ptx_text\">M\u1ed9t v\u00e0i \u1ea3nh s\u1ea3n ph\u1ea9m c\u1ee7a ch\u00fang t\u00f4i<\/h2>    <\/div>\t\t<\/div>\n\t\t\t\t<\/div>\n\t\t\t\t<div class=\"elementor-element elementor-element-63df384 elementor-widget elementor-widget-printx-portfolio-masonry\" data-id=\"63df384\" data-element_type=\"widget\" data-widget_type=\"printx-portfolio-masonry.default\">\n\t\t\t\t<div class=\"elementor-widget-container\">\n\t\t\t<div class=\"ptx-portfolio-content-2\">\n    <div class=\"grid\">\n        <div class=\"grid-sizer\"><\/div>\n                <div class=\"grid-item ptx-portfolio-item-3 grid-size-20 wow fadeInUp\"   data-wow-delay=\"200ms\" data-wow-duration=\"1000ms\" >\n            <div class=\"portfolio-img-text position-relative\">\n                <div class=\"portfolio-img\">\n                    <img decoding=\"async\" src=\"https:\/\/themexriver.com\/wp\/prespri\/wp-content\/uploads\/2023\/11\/pro1.jpg\" alt=\"\">\n                <\/div>\n                <div class=\"portfolio-text d-flex justify-content-center position-absolute\">\n                    <a href=\"https:\/\/truongthinhlabels.com\/vi\/services\/\"> Thi\u1ebft k\u1ebf &amp; in \u1ea5n<\/a>\n                <\/div>\n            <\/div>\n        <\/div>\n                <div class=\"grid-item ptx-portfolio-item-3 grid-size-20 wow fadeInUp\"   data-wow-delay=\"250ms\" data-wow-duration=\"1000ms\" >\n            <div class=\"portfolio-img-text position-relative\">\n                <div class=\"portfolio-img\">\n                    <img decoding=\"async\" src=\"https:\/\/themexriver.com\/wp\/prespri\/wp-content\/uploads\/2023\/11\/pro3.jpg\" alt=\"\">\n                <\/div>\n                <div class=\"portfolio-text d-flex justify-content-center position-absolute\">\n                    <a href=\"https:\/\/truongthinhlabels.com\/vi\/services\/\"> Thi\u1ebft k\u1ebf &amp; in \u1ea5n<\/a>\n                <\/div>\n            <\/div>\n        <\/div>\n                <div class=\"grid-item ptx-portfolio-item-3 grid-size-20 wow fadeInUp\"   data-wow-delay=\"300ms\" data-wow-duration=\"1000ms\" >\n            <div class=\"portfolio-img-text position-relative\">\n                <div class=\"portfolio-img\">\n                    <img decoding=\"async\" src=\"https:\/\/truongthinhlabels.com\/wp-content\/uploads\/3f08c1eb9af5997414eb2c6105ea54c3-385x772-1.jpg\" alt=\"\">\n                <\/div>\n                <div class=\"portfolio-text d-flex justify-content-center position-absolute\">\n                    <a href=\"https:\/\/truongthinhlabels.com\/vi\/services\/\"> Thi\u1ebft k\u1ebf &amp; in \u1ea5n<\/a>\n                <\/div>\n            <\/div>\n        <\/div>\n                <div class=\"grid-item ptx-portfolio-item-3 grid-size-20 wow fadeInUp\"   data-wow-delay=\"350ms\" data-wow-duration=\"1000ms\" >\n            <div class=\"portfolio-img-text position-relative\">\n                <div class=\"portfolio-img\">\n                    <img decoding=\"async\" src=\"https:\/\/themexriver.com\/wp\/prespri\/wp-content\/uploads\/2023\/11\/pro6.jpg\" alt=\"\">\n                <\/div>\n                <div class=\"portfolio-text d-flex justify-content-center position-absolute\">\n                    <a href=\"https:\/\/truongthinhlabels.com\/vi\/services\/\"> Thi\u1ebft k\u1ebf &amp; in \u1ea5n<\/a>\n                <\/div>\n            <\/div>\n        <\/div>\n                <div class=\"grid-item ptx-portfolio-item-3 grid-size-20 wow fadeInUp\"   data-wow-delay=\"400ms\" data-wow-duration=\"1000ms\" >\n            <div class=\"portfolio-img-text position-relative\">\n                <div class=\"portfolio-img\">\n                    <img decoding=\"async\" src=\"https:\/\/themexriver.com\/wp\/prespri\/wp-content\/uploads\/2023\/11\/pro8.jpg\" alt=\"\">\n                <\/div>\n                <div class=\"portfolio-text d-flex justify-content-center position-absolute\">\n                    <a href=\"https:\/\/truongthinhlabels.com\/vi\/services\/\"> Thi\u1ebft k\u1ebf &amp; in \u1ea5n<\/a>\n                <\/div>\n            <\/div>\n        <\/div>\n                <div class=\"grid-item ptx-portfolio-item-3 grid-size-20 wow fadeInUp\"   data-wow-delay=\"450ms\" data-wow-duration=\"1000ms\" >\n            <div class=\"portfolio-img-text position-relative\">\n                <div class=\"portfolio-img\">\n                    <img decoding=\"async\" src=\"https:\/\/themexriver.com\/wp\/prespri\/wp-content\/uploads\/2023\/11\/pro9.jpg\" alt=\"\">\n                <\/div>\n                <div class=\"portfolio-text d-flex justify-content-center position-absolute\">\n                    <a href=\"https:\/\/truongthinhlabels.com\/vi\/services\/\"> Thi\u1ebft k\u1ebf &amp; in \u1ea5n<\/a>\n                <\/div>\n            <\/div>\n        <\/div>\n                <div class=\"grid-item ptx-portfolio-item-3 grid-size-20 wow fadeInUp\"   data-wow-delay=\"500ms\" data-wow-duration=\"1000ms\" >\n            <div class=\"portfolio-img-text position-relative\">\n                <div class=\"portfolio-img\">\n                    <img decoding=\"async\" src=\"https:\/\/themexriver.com\/wp\/prespri\/wp-content\/uploads\/2023\/11\/pro4.jpg\" alt=\"\">\n                <\/div>\n                <div class=\"portfolio-text d-flex justify-content-center position-absolute\">\n                    <a href=\"https:\/\/truongthinhlabels.com\/vi\/services\/\"> Thi\u1ebft k\u1ebf &amp; in \u1ea5n<\/a>\n                <\/div>\n            <\/div>\n        <\/div>\n                <div class=\"grid-item ptx-portfolio-item-3 grid-size-20 wow fadeInUp\"   data-wow-delay=\"550ms\" data-wow-duration=\"1000ms\" >\n            <div class=\"portfolio-img-text position-relative\">\n                <div class=\"portfolio-img\">\n                    <img decoding=\"async\" src=\"https:\/\/themexriver.com\/wp\/prespri\/wp-content\/uploads\/2023\/11\/pro7.jpg\" alt=\"\">\n                <\/div>\n                <div class=\"portfolio-text d-flex justify-content-center position-absolute\">\n                    <a href=\"https:\/\/truongthinhlabels.com\/vi\/services\/\"> Thi\u1ebft k\u1ebf &amp; in \u1ea5n<\/a>\n                <\/div>\n            <\/div>\n        <\/div>\n                <div class=\"grid-item ptx-portfolio-item-3 grid-size-20 wow fadeInUp\"   data-wow-delay=\"600ms\" data-wow-duration=\"1000ms\" >\n            <div class=\"portfolio-img-text position-relative\">\n                <div class=\"portfolio-img\">\n                    <img decoding=\"async\" src=\"https:\/\/themexriver.com\/wp\/prespri\/wp-content\/uploads\/2023\/11\/pro2.jpg\" alt=\"\">\n                <\/div>\n                <div class=\"portfolio-text d-flex justify-content-center position-absolute\">\n                    <a href=\"https:\/\/truongthinhlabels.com\/vi\/services\/\"> Thi\u1ebft k\u1ebf &amp; in \u1ea5n<\/a>\n                <\/div>\n            <\/div>\n        <\/div>\n            <\/div>\n<\/div>\t\t<\/div>\n\t\t\t\t<\/div>\n\t\t\t\t\t<\/div>\n\t\t<\/div>\n\t\t\t\t\t<\/div>\n\t\t<\/section>\n\t\t\t\t<\/div>","protected":false},"excerpt":{"rendered":"<p>Are you looking for a professional printing and design partner or a reliable barcode equipment supplier for long-term collaboration at reasonable prices? About Printing Service TRUONG THINH LABEL PRODUCTION TRADING COMPANY LIMITED The company was established by passionate experts. Truong Thinh always considers brand image as a core value, so we continuously improve our sales [&hellip;]<\/p>","protected":false},"author":1,"featured_media":0,"parent":0,"menu_order":0,"comment_status":"closed","ping_status":"closed","template":"elementor_header_footer","meta":{"inline_featured_image":false,"footnotes":""},"class_list":["post-5249","page","type-page","status-publish","hentry"],"_links":{"self":[{"href":"https:\/\/truongthinhlabels.com\/vi\/wp-json\/wp\/v2\/pages\/5249","targetHints":{"allow":["GET"]}}],"collection":[{"href":"https:\/\/truongthinhlabels.com\/vi\/wp-json\/wp\/v2\/pages"}],"about":[{"href":"https:\/\/truongthinhlabels.com\/vi\/wp-json\/wp\/v2\/types\/page"}],"author":[{"embeddable":true,"href":"https:\/\/truongthinhlabels.com\/vi\/wp-json\/wp\/v2\/users\/1"}],"replies":[{"embeddable":true,"href":"https:\/\/truongthinhlabels.com\/vi\/wp-json\/wp\/v2\/comments?post=5249"}],"version-history":[{"count":0,"href":"https:\/\/truongthinhlabels.com\/vi\/wp-json\/wp\/v2\/pages\/5249\/revisions"}],"wp:attachment":[{"href":"https:\/\/truongthinhlabels.com\/vi\/wp-json\/wp\/v2\/media?parent=5249"}],"curies":[{"name":"wp","href":"https:\/\/api.w.org\/{rel}","templated":true}]}}